{"id":20,"date":"2011-01-17T11:05:46","date_gmt":"2011-01-17T09:05:46","guid":{"rendered":"http:\/\/fws-seth.de\/?page_id=20"},"modified":"2019-01-07T20:43:21","modified_gmt":"2019-01-07T19:43:21","slug":"fws","status":"publish","type":"page","link":"https:\/\/www.fws-seth.de\/?page_id=20","title":{"rendered":"FWS"},"content":{"rendered":"<h2><span style=\"color: #083c70;\">Freie W\u00e4hlergemeinschaft Seth<\/span><\/h2>\n<p><a href=\"https:\/\/www.fws-seth.de\/wp-content\/uploads\/2011\/01\/fws_50.gif\"><img loading=\"lazy\" decoding=\"async\" class=\"alignnone size-full wp-image-216\" src=\"https:\/\/www.fws-seth.de\/wp-content\/uploads\/2011\/01\/fws_50.gif\" alt=\"FWS\" width=\"142\" height=\"165\" \/><\/a>Logo der FWS bis Anfang 2017<\/p>\n<p><span style=\"font-size: 1rem; line-height: 1.714285714;\">Grundgedanken f\u00fcr unsere politische Arbeit haben wir in nachfolgenden Leitlinien zusammen gefasst:<\/span><\/p>\n<ul>\n<li><em>Der Erhalt und die Verbesserung der Lebensqualit\u00e4t f\u00fcr die Sether Bev\u00f6lkerung unter Ber\u00fccksichtigung sozialer Belange und wirtschaftlicher M\u00f6glichkeiten ist oberstes Ziel der FWS Politik. Dabei spielt das Einbinden und F\u00f6rdern ehrenamtlicher Arbeit eine gro\u00dfe Rolle.<\/em><\/li>\n<li><em>Die FWS Seth setzt sich f\u00fcr ein aktives Miteinander der Generationen ein. Gerade mit Blick auf den demographischen Wandel m\u00fcssen politische Entscheidungen die Interessen aller Bev\u00f6lkerungsgruppen ber\u00fccksichtigen.<\/em><\/li>\n<li><em>Die FWS Seth spricht sich f\u00fcr eine solide Finanzpolitik aus, um dadurch die weitere wirtschaftliche Entwicklung intensiv zu unterst\u00fctzen. Im Hinblick auf zuk\u00fcnftige Investitionen und Aufgaben, die uns von Bund und Land \u00fcbertragen werden, fordern wir eine ausreichende finanzielle Ausstattung.<\/em><\/li>\n<li><em>Die FWS Seth spricht sich f\u00fcr das aktive Einbinden der Sether Bev\u00f6lkerung in Entscheidungsprozesse aus.<\/em><\/li>\n<li><em>Die FWS Seth ist offen f\u00fcr eine sachliche Zusammenarbeit mit allen Parteien. Die Sacharbeit wird in den Vordergrund gestellt. Politische Entscheidungen werden unabh\u00e4ngig von parteipolitischen Vorgaben auf Landes- und Bundesebene getroffen.<\/em><\/li>\n<li><em>Bei uns ist jede Setherin und jeder Sether herzlich willkommen<\/em><\/li>\n<li><em><span style=\"font-size: 1rem; line-height: 1.714285714;\">Wir versprechen nur das, was wir halten k\u00f6nnen<\/span><\/em><\/li>\n<li><em><span style=\"line-height: 1.714285714; font-size: 1rem;\">Wir sind f\u00fcr Tipps und neue Ideen dankbar<\/span><\/em><\/li>\n<li><em><span style=\"line-height: 1.714285714; font-size: 1rem;\">Wir wollen, dass in Seth DORFGEMEINSCHAFT wieder gro\u00df geschrieben und auch gelebt wird<\/span><\/em><\/li>\n<li><em><span style=\"line-height: 1.714285714; font-size: 1rem;\">Es gibt bei uns keinen Fraktionszwang, unsere Gemeindevertreter und w\u00e4hlbaren B\u00fcrger entscheiden nach besten Wissen und Gewissen<\/span><\/em><\/li>\n<li><em><span style=\"line-height: 1.714285714; font-size: 1rem;\">Haben Sie, hast Du Lust bei uns mitzumachen? Mail an die <\/span><a style=\"line-height: 1.714285714; font-size: 1rem;\" href=\"mailto:info@fws-seth.de\">info@fws-seth.de<\/a><\/em><\/li>\n<\/ul>\n<h3>Eure FWS<\/h3>\n<hr \/>\n<h3>Die Geschichte der FWS<\/h3>\n<blockquote><p>Die FWS ist am19.6.1989 von 23 interessierten B\u00fcrgern und B\u00fcrgerinnen, die mit der damaligen Dorf- und Parteipolitik unzufrieden waren, gegr\u00fcndet worden. Die anwesenden bei der Gr\u00fcnderversammlung bem\u00e4ngeln die Arbeit des Gemeinderates und beschlie\u00dfen nach einer Diskussion die Gr\u00fcndung einer freien W\u00e4hlergemeinschaft. Die W\u00e4hlergemeinschaft soll den Namen &#8222;Freie W\u00e4hlergemeinschaft Seth&#8220; tragen.<\/p><\/blockquote>\n<h3>Die FWS ist geboren<\/h3>\n<p><strong>Auf der Gr\u00fcnderversammlung wurden erstmalig gew\u00e4hlt:<\/strong><\/p>\n<blockquote><p>1. Vorsitzender: Marko Weber<\/p>\n<p>2. Vorsitzender: Clemens Sahlmann<\/p>\n<p>Schriftf\u00fchrer: B\u00e4rbel Rohde-Schierz<\/p>\n<p>Kassenwart: Ingeborg Stephan<\/p>\n<p>Beisitzer: Wolfgang T\u00f6de und G\u00fcnter Ludwig<\/p><\/blockquote>\n<hr \/>\n<h3>Wahlkampf mal anders<\/h3>\n<h3><strong><a href=\"https:\/\/www.fws-seth.de\/wp-content\/uploads\/2011\/01\/blumen1990.jpg\"><img loading=\"lazy\" decoding=\"async\" class=\"alignnone size-medium wp-image-138\" title=\"Wahlkampf 90\" src=\"https:\/\/www.fws-seth.de\/wp-content\/uploads\/2011\/01\/blumen1990-300x218.jpg\" alt=\"\" width=\"300\" height=\"218\" srcset=\"https:\/\/www.fws-seth.de\/wp-content\/uploads\/2011\/01\/blumen1990-300x218.jpg 300w, https:\/\/www.fws-seth.de\/wp-content\/uploads\/2011\/01\/blumen1990.jpg 803w\" sizes=\"auto, (max-width: 300px) 100vw, 300px\" \/><\/a><\/strong><\/h3>\n<h3><strong><a href=\"https:\/\/www.fws-seth.de\/wp-content\/uploads\/2011\/01\/blumen19901.jpg\"><img loading=\"lazy\" decoding=\"async\" class=\"alignnone size-medium wp-image-139\" title=\"Wahl 90\" src=\"https:\/\/www.fws-seth.de\/wp-content\/uploads\/2011\/01\/blumen19901-300x205.jpg\" alt=\"\" width=\"300\" height=\"205\" srcset=\"https:\/\/www.fws-seth.de\/wp-content\/uploads\/2011\/01\/blumen19901-300x205.jpg 300w, https:\/\/www.fws-seth.de\/wp-content\/uploads\/2011\/01\/blumen19901.jpg 803w\" sizes=\"auto, (max-width: 300px) 100vw, 300px\" \/><\/a> <\/strong><\/h3>\n<p><strong>25. M\u00e4rz 1990 <\/strong><\/p>\n<h3>Die erste Wahlparty am 25.3.1990<\/h3>\n<p><a href=\"https:\/\/www.fws-seth.de\/wp-content\/uploads\/2011\/01\/party1.jpg\"><img loading=\"lazy\" decoding=\"async\" class=\"alignnone size-medium wp-image-140\" title=\"Wahlparty 90\" src=\"https:\/\/www.fws-seth.de\/wp-content\/uploads\/2011\/01\/party1-300x206.jpg\" alt=\"\" width=\"300\" height=\"206\" srcset=\"https:\/\/www.fws-seth.de\/wp-content\/uploads\/2011\/01\/party1-300x206.jpg 300w, https:\/\/www.fws-seth.de\/wp-content\/uploads\/2011\/01\/party1.jpg 803w\" sizes=\"auto, (max-width: 300px) 100vw, 300px\" \/><\/a><\/p>\n<p><a href=\"https:\/\/www.fws-seth.de\/wp-content\/uploads\/2011\/01\/party2.jpg\"><img loading=\"lazy\" decoding=\"async\" class=\"alignnone size-medium wp-image-141\" title=\"Wahlparty 90\" src=\"https:\/\/www.fws-seth.de\/wp-content\/uploads\/2011\/01\/party2-300x205.jpg\" alt=\"\" width=\"300\" height=\"205\" srcset=\"https:\/\/www.fws-seth.de\/wp-content\/uploads\/2011\/01\/party2-300x205.jpg 300w, https:\/\/www.fws-seth.de\/wp-content\/uploads\/2011\/01\/party2.jpg 803w\" sizes=\"auto, (max-width: 300px) 100vw, 300px\" \/><\/a><\/p>\n<p>25. M\u00e4rz 1990<a href=\"http:\/\/www.lhcconcerns.com\/2017\/10\/13\/ecjungle_ent-154008970\/\" name=\"ahref\"><\/a><a href=\"http:\/\/www.weddingfavorsers.com\/kyoto-sankyo_10000130\/\" name=\"ahref\"><\/a><br \/>\n<a href=\"http:\/\/www.newreligionbookstore.info\/2017\/10\/17\/kaguk1_3kk-086\/\" name=\"ahref\"><\/a><\/p>\n","protected":false},"excerpt":{"rendered":"<p>Freie W\u00e4hlergemeinschaft Seth Logo der FWS bis Anfang 2017 Grundgedanken f\u00fcr unsere politische Arbeit haben wir in nachfolgenden Leitlinien zusammen gefasst: Der Erhalt und die Verbesserung der Lebensqualit\u00e4t f\u00fcr die Sether Bev\u00f6lkerung unter Ber\u00fccksichtigung sozialer Belange und wirtschaftlicher M\u00f6glichkeiten ist oberstes Ziel der FWS Politik. Dabei spielt das Einbinden und F\u00f6rdern ehrenamtlicher Arbeit eine gro\u00dfe [&hellip;]<\/p>\n","protected":false},"author":67,"featured_media":0,"parent":0,"menu_order":0,"comment_status":"open","ping_status":"closed","template":"","meta":{"footnotes":""},"class_list":["post-20","page","type-page","status-publish","hentry"],"_links":{"self":[{"href":"https:\/\/www.fws-seth.de\/index.php?rest_route=\/wp\/v2\/pages\/20","targetHints":{"allow":["GET"]}}],"collection":[{"href":"https:\/\/www.fws-seth.de\/index.php?rest_route=\/wp\/v2\/pages"}],"about":[{"href":"https:\/\/www.fws-seth.de\/index.php?rest_route=\/wp\/v2\/types\/page"}],"author":[{"embeddable":true,"href":"https:\/\/www.fws-seth.de\/index.php?rest_route=\/wp\/v2\/users\/67"}],"replies":[{"embeddable":true,"href":"https:\/\/www.fws-seth.de\/index.php?rest_route=%2Fwp%2Fv2%2Fcomments&post=20"}],"version-history":[{"count":27,"href":"https:\/\/www.fws-seth.de\/index.php?rest_route=\/wp\/v2\/pages\/20\/revisions"}],"predecessor-version":[{"id":3814,"href":"https:\/\/www.fws-seth.de\/index.php?rest_route=\/wp\/v2\/pages\/20\/revisions\/3814"}],"wp:attachment":[{"href":"https:\/\/www.fws-seth.de\/index.php?rest_route=%2Fwp%2Fv2%2Fmedia&parent=20"}],"curies":[{"name":"wp","href":"https:\/\/api.w.org\/{rel}","templated":true}]}}