{"id":242,"date":"2012-01-12T10:31:20","date_gmt":"2012-01-12T09:31:20","guid":{"rendered":"http:\/\/www.fws-seth.de\/?page_id=242"},"modified":"2018-11-22T22:55:31","modified_gmt":"2018-11-22T21:55:31","slug":"links-rund-um-seth","status":"publish","type":"page","link":"https:\/\/www.fws-seth.de\/?page_id=242","title":{"rendered":"Links rund um Seth"},"content":{"rendered":"<h3>Hier finden Sie eine Liste mit wichtigen Links in und um Seth<\/h3>\n<p>Sie m\u00f6chten auch in unserer Liste mit aufgenommen werden? Dann senden Sie uns einen Link, mit kurzer Beschreibung, an info[at]fws-seth.de und nach Pr\u00fcfung werden wir dann Ihren Link auf unserer Seite ver\u00f6ffentlichen.<\/p>\n<h4>Seth<\/h4>\n<ul>\n<li><a title=\"Homepage der Freiwilligen Feuerwehr Seth \" href=\"http:\/\/www.feuerwehr-seth.de\/\" target=\"_blank\">Freiwilligen Feuerw<\/a><a title=\"Homepage der Freiwilligen Feuerwehr Seth \" href=\"http:\/\/www.feuerwehr-seth.de\/\" target=\"_blank\">ehr Seth<\/a><\/li>\n<li><a title=\"Ev.-Luth. Kirchengemeinde Stuvenborn-Seth-Sieversh\u00fctten\" href=\"http:\/\/www.kirchengemeinde-stuvenborn-seth-sievershuetten.de\/\" target=\"_blank\">Ev.-Luth.<\/a><a title=\"Ev.-Luth. Kirchengemeinde Stuvenborn-Seth-Sieversh\u00fctten\" href=\"http:\/\/www.kirchengemeinde-stuvenborn-seth-sievershuetten.de\/\" target=\"_blank\"> Kirche<\/a><a title=\"Ev.-Luth. Kirchengemeinde Stuvenborn-Seth-Sieversh\u00fctten\" href=\"http:\/\/www.kirchengemeinde-stuvenborn-seth-sievershuetten.de\/\" target=\"_blank\">ngemeinde<\/a><a title=\"Ev.-Luth. Kirchengemeinde Stuvenborn-Seth-Sieversh\u00fctten\" href=\"http:\/\/www.kirchengemeinde-stuvenborn-seth-sievershuetten.de\/\" target=\"_blank\"> Stuvenborn-Seth<\/a><a title=\"Ev.-Luth. Kirchengemeinde Stuvenborn-Seth-Sieversh\u00fctten\" href=\"http:\/\/www.kirchengemeinde-stuvenborn-seth-sievershuetten.de\/\" target=\"_blank\">-Sieversh\u00fctten<\/a><\/li>\n<\/ul>\n<h4>Beh\u00f6rden<\/h4>\n<ul>\n<li><a title=\"Die Amtsverwaltung\" href=\"http:\/\/amt-itzstedt.eu\/\" target=\"_blank\">Amt <\/a><a title=\"Die Amtsverwaltung\" href=\"http:\/\/amt-itzstedt.eu\/\" target=\"_blank\">Itzstedt<\/a><\/li>\n<li><a title=\"Wege-Zweckverband \" href=\"http:\/\/www.wzv.de\/\" target=\"_blank\">Wege-Zweckverband<\/a><\/li>\n<\/ul>\n<h4>Vereine<\/h4>\n<ul>\n<li><a title=\"SG Seth\" href=\"http:\/\/www.sg-seth.de\/\" target=\"_blank\">SG Seth<\/a><\/li>\n<li><a href=\"http:\/\/www.sch\u00fctzenverein-seth.de\" target=\"_blank\">Sether Sch\u00fctzenverein e.V.<\/a><\/li>\n<li><a title=\"Tennisclub Seth\" href=\"http:\/\/www.tennisclub-seth.de\/\" target=\"_blank\">Tennisclub Seth<\/a><\/li>\n<li><a title=\"VHS Itzstedt\" href=\"http:\/\/www.vhs-itzstedt.de\/index.php\" target=\"_blank\">VHS Itzstedt<\/a><\/li>\n<\/ul>\n<h4>W\u00e4hlergemeinschaften im Amt<\/h4>\n<ul>\n<li><a title=\"A.B.S. - Aktion B\u00fcrger f\u00fcr Gemeinde S\u00fclfeld\" href=\"http:\/\/www.abs-suelfeld.de\/\" target=\"_blank\">A.B.S. &#8211; Aktion B\u00fcrger f\u00fcr Gemeinde S\u00fclfeld<\/a><\/li>\n<li><a title=\"BGT B\u00fcrgergemeinschaft Tangstedt\" href=\"http:\/\/www.bgt-tangstedt.de\/\" target=\"_blank\">BGT B\u00fcrgergemeinschaft Tangstedt<\/a><\/li>\n<li><a title=\"KWK \u2013 Kommunale Waehlergemeinschaft Kayhude \" href=\"http:\/\/www.kwk-kayhude.de\/\" target=\"_blank\">KWK \u2013 Kommunale Waehlergemeinschaft Kayhude<\/a><\/li>\n<li><a title=\"UBI \u2013 Unabh\u00e4ngige B\u00fcrger f\u00fcr Itzstedt \" href=\"http:\/\/www.ubi-itzstedt.de\/\" target=\"_blank\">UBI \u2013 Unabh\u00e4ngige B\u00fcrger f\u00fcr Itzstedt<\/a><\/li>\n<li><a href=\"http:\/\/www.wgo-oering.de\" target=\"_blank\">WGO &#8211; W\u00e4hlergemeinschaft Oering<\/a><\/li>\n<li><a href=\"http:\/\/wdn-nahe.de\/\" target=\"_blank\">WDN &#8211; W\u00e4hlergruppe Dorfgemeinschaft<\/a><\/li>\n<\/ul>\n<h4>&nbsp;<\/h4>\n","protected":false},"excerpt":{"rendered":"<p>Hier finden Sie eine Liste mit wichtigen Links in und um Seth Sie m\u00f6chten auch in unserer Liste mit aufgenommen werden? Dann senden Sie uns einen Link, mit kurzer Beschreibung, an info[at]fws-seth.de und nach Pr\u00fcfung werden wir dann Ihren Link auf unserer Seite ver\u00f6ffentlichen. Seth Freiwilligen Feuerwehr Seth Ev.-Luth. Kirchengemeinde Stuvenborn-Seth-Sieversh\u00fctten Beh\u00f6rden Amt Itzstedt Wege-Zweckverband [&hellip;]<\/p>\n","protected":false},"author":67,"featured_media":0,"parent":64,"menu_order":2,"comment_status":"closed","ping_status":"closed","template":"","meta":{"footnotes":""},"class_list":["post-242","page","type-page","status-publish","hentry"],"_links":{"self":[{"href":"https:\/\/www.fws-seth.de\/index.php?rest_route=\/wp\/v2\/pages\/242","targetHints":{"allow":["GET"]}}],"collection":[{"href":"https:\/\/www.fws-seth.de\/index.php?rest_route=\/wp\/v2\/pages"}],"about":[{"href":"https:\/\/www.fws-seth.de\/index.php?rest_route=\/wp\/v2\/types\/page"}],"author":[{"embeddable":true,"href":"https:\/\/www.fws-seth.de\/index.php?rest_route=\/wp\/v2\/users\/67"}],"replies":[{"embeddable":true,"href":"https:\/\/www.fws-seth.de\/index.php?rest_route=%2Fwp%2Fv2%2Fcomments&post=242"}],"version-history":[{"count":30,"href":"https:\/\/www.fws-seth.de\/index.php?rest_route=\/wp\/v2\/pages\/242\/revisions"}],"predecessor-version":[{"id":279,"href":"https:\/\/www.fws-seth.de\/index.php?rest_route=\/wp\/v2\/pages\/242\/revisions\/279"}],"up":[{"embeddable":true,"href":"https:\/\/www.fws-seth.de\/index.php?rest_route=\/wp\/v2\/pages\/64"}],"wp:attachment":[{"href":"https:\/\/www.fws-seth.de\/index.php?rest_route=%2Fwp%2Fv2%2Fmedia&parent=242"}],"curies":[{"name":"wp","href":"https:\/\/api.w.org\/{rel}","templated":true}]}}