{"id":4,"date":"2011-01-17T08:12:24","date_gmt":"2011-01-17T07:12:24","guid":{"rendered":"http:\/\/fws-seth.de\/?page_id=4"},"modified":"2023-10-01T22:24:40","modified_gmt":"2023-10-01T20:24:40","slug":"impressum","status":"publish","type":"page","link":"https:\/\/www.fws-seth.de\/?page_id=4","title":{"rendered":"Impressum"},"content":{"rendered":"<h2><strong>FWS &#8211; Freie W\u00e4hlergemeinschaft Seth<\/strong><\/h2>\n<p><strong>Vorsitzende:<\/strong><\/p>\n<p>Arno Nolte<\/p>\n<ul>\n<li>B\u00fcrgermeister Timm-Kehre<\/li>\n<li>23845 Seth<\/li>\n<li>Schleswig-Holstein<\/li>\n<li>Web: www.fws-seth.de<\/li>\n<li>Mail: info@fws-seth.de<\/li>\n<\/ul>\n<p><strong>Kassenwart<\/strong>:<\/p>\n<ul>\n<li>Joachim Kirchner<\/li>\n<\/ul>\n<p><strong>Fraktionsvorsitzender:<\/strong><\/p>\n<ul>\n<li>Gerrit Grupe<\/li>\n<\/ul>\n<p><strong>Weitere Informationen:<\/strong><\/p>\n<ul>\n<li>Trotz sorgf\u00e4ltiger inhaltlicher Kontrolle \u00fcbernehmen wir keine Haftung f\u00fcr die Inhalte externer Links. F\u00fcr den Inhalt der verlinkten Seiten sind ausschlie\u00dflich deren Betreiber verantwortlich.\u00a0Alle hier verwendeten Namen, Begriffe, Zeichen und Grafiken k\u00f6nnen Marken- oder Warenzeichen im Besitze ihrer rechtlichen Eigent\u00fcmer sein. Die Rechte aller erw\u00e4hnten und benutzten Marken- und Warenzeichen liegen ausschlie\u00dflich bei deren Besitzern.<\/li>\n<\/ul>\n<p>&nbsp;<\/p>\n","protected":false},"excerpt":{"rendered":"<p>FWS &#8211; Freie W\u00e4hlergemeinschaft Seth Vorsitzende: Arno Nolte B\u00fcrgermeister Timm-Kehre 23845 Seth Schleswig-Holstein Web: www.fws-seth.de Mail: info@fws-seth.de Kassenwart: Joachim Kirchner Fraktionsvorsitzender: Gerrit Grupe Weitere Informationen: Trotz sorgf\u00e4ltiger inhaltlicher Kontrolle \u00fcbernehmen wir keine Haftung f\u00fcr die Inhalte externer Links. F\u00fcr den Inhalt der verlinkten Seiten sind ausschlie\u00dflich deren Betreiber verantwortlich.\u00a0Alle hier verwendeten Namen, Begriffe, Zeichen und [&hellip;]<\/p>\n","protected":false},"author":67,"featured_media":0,"parent":0,"menu_order":0,"comment_status":"closed","ping_status":"closed","template":"","meta":{"footnotes":""},"class_list":["post-4","page","type-page","status-publish","hentry"],"_links":{"self":[{"href":"https:\/\/www.fws-seth.de\/index.php?rest_route=\/wp\/v2\/pages\/4","targetHints":{"allow":["GET"]}}],"collection":[{"href":"https:\/\/www.fws-seth.de\/index.php?rest_route=\/wp\/v2\/pages"}],"about":[{"href":"https:\/\/www.fws-seth.de\/index.php?rest_route=\/wp\/v2\/types\/page"}],"author":[{"embeddable":true,"href":"https:\/\/www.fws-seth.de\/index.php?rest_route=\/wp\/v2\/users\/67"}],"replies":[{"embeddable":true,"href":"https:\/\/www.fws-seth.de\/index.php?rest_route=%2Fwp%2Fv2%2Fcomments&post=4"}],"version-history":[{"count":28,"href":"https:\/\/www.fws-seth.de\/index.php?rest_route=\/wp\/v2\/pages\/4\/revisions"}],"predecessor-version":[{"id":5017,"href":"https:\/\/www.fws-seth.de\/index.php?rest_route=\/wp\/v2\/pages\/4\/revisions\/5017"}],"wp:attachment":[{"href":"https:\/\/www.fws-seth.de\/index.php?rest_route=%2Fwp%2Fv2%2Fmedia&parent=4"}],"curies":[{"name":"wp","href":"https:\/\/api.w.org\/{rel}","templated":true}]}}