{"id":4975,"date":"2023-09-04T22:58:41","date_gmt":"2023-09-04T20:58:41","guid":{"rendered":"https:\/\/www.fws-seth.de\/?page_id=4975"},"modified":"2023-09-04T23:01:47","modified_gmt":"2023-09-04T21:01:47","slug":"finanzausschuss","status":"publish","type":"page","link":"https:\/\/www.fws-seth.de\/?page_id=4975","title":{"rendered":"Finanzausschuss"},"content":{"rendered":"<table style=\"border-collapse: collapse; width: 400pt;\" border=\"0\" width=\"400\" cellspacing=\"0\" cellpadding=\"0\">\n<tbody>\n<tr style=\"height: 30.0pt;\">\n<td class=\"xl66\" style=\"height: 30pt; width: 120px;\" width=\"80\" height=\"40\"><a href=\"https:\/\/www.itzstedt.sitzung-online.de\/bi\/kp020.asp?KPLFDNR=1000604\">J\u00f6rn K\u00f6nig<\/a><\/td>\n<td class=\"xl65\" style=\"width: 280px;\" width=\"80\">Ausschussvorsitz (wB)<\/td>\n<td class=\"xl65\" style=\"width: 100px;\" width=\"80\">CDU<\/td>\n<\/tr>\n<tr style=\"height: 45.0pt;\">\n<td class=\"xl66\" style=\"height: 45pt; width: 120px;\" height=\"60\"><a href=\"https:\/\/www.itzstedt.sitzung-online.de\/bi\/kp020.asp?KPLFDNR=1000208\">Silke G\u00e4tcke<\/a><\/td>\n<td class=\"xl65\" style=\"width: 280px;\" width=\"80\">stv. Ausschussvorsitz (GV)<\/td>\n<td class=\"xl65\" style=\"width: 100px;\" width=\"80\">CDU<\/td>\n<\/tr>\n<tr style=\"height: 45.0pt;\">\n<td class=\"xl66\" style=\"height: 45pt; width: 120px;\" height=\"60\"><a href=\"https:\/\/www.itzstedt.sitzung-online.de\/bi\/kp020.asp?KPLFDNR=1000150\">Hans Bauhuf<\/a><\/td>\n<td class=\"xl65\" style=\"width: 280px;\" width=\"80\">Ausschussmitglied (GV)<\/td>\n<td class=\"xl65\" style=\"width: 100px;\" width=\"80\">SPD<\/td>\n<\/tr>\n<tr style=\"height: 45.0pt;\">\n<td class=\"xl66\" style=\"height: 45pt; width: 120px;\" height=\"60\"><a href=\"https:\/\/www.itzstedt.sitzung-online.de\/bi\/kp020.asp?KPLFDNR=1051\">Gerrit Grupe<\/a><\/td>\n<td class=\"xl65\" style=\"width: 280px;\" width=\"80\">Ausschussmitglied (GV)<\/td>\n<td class=\"xl65\" style=\"width: 100px;\" width=\"80\">FWS<\/td>\n<\/tr>\n<tr style=\"height: 45.0pt;\">\n<td class=\"xl66\" style=\"height: 45pt; width: 120px;\" height=\"60\"><a href=\"https:\/\/www.itzstedt.sitzung-online.de\/bi\/kp020.asp?KPLFDNR=105\">Simon Herda<\/a><\/td>\n<td class=\"xl65\" style=\"width: 280px;\" width=\"80\">Ausschussmitglied (GV)<\/td>\n<td class=\"xl65\" style=\"width: 100px;\" width=\"80\">SPD<\/td>\n<\/tr>\n<tr style=\"height: 45.0pt;\">\n<td class=\"xl66\" style=\"height: 45pt; width: 120px;\" height=\"60\"><a href=\"https:\/\/www.itzstedt.sitzung-online.de\/bi\/kp020.asp?KPLFDNR=1000601\">Kirsten Holste<\/a><\/td>\n<td class=\"xl65\" style=\"width: 280px;\" width=\"80\">Ausschussmitglied (wB)<\/td>\n<td class=\"xl65\" style=\"width: 100px;\" width=\"80\">FWS<\/td>\n<\/tr>\n<tr style=\"height: 45.0pt;\">\n<td class=\"xl66\" style=\"height: 45pt; width: 120px;\" height=\"60\"><a href=\"https:\/\/www.itzstedt.sitzung-online.de\/bi\/kp020.asp?KPLFDNR=1000603\">Hendrik Kemmerich<\/a><\/td>\n<td class=\"xl65\" style=\"width: 280px;\" width=\"80\">Ausschussmitglied (wB)<\/td>\n<td style=\"width: 100px;\"><\/td>\n<\/tr>\n<\/tbody>\n<\/table>\n<p>&nbsp;<\/p>\n","protected":false},"excerpt":{"rendered":"<p>J\u00f6rn K\u00f6nig Ausschussvorsitz (wB) CDU Silke G\u00e4tcke stv. Ausschussvorsitz (GV) CDU Hans Bauhuf Ausschussmitglied (GV) SPD Gerrit Grupe Ausschussmitglied (GV) FWS Simon Herda Ausschussmitglied (GV) SPD Kirsten Holste Ausschussmitglied (wB) FWS Hendrik Kemmerich Ausschussmitglied (wB) &nbsp;<\/p>\n","protected":false},"author":67,"featured_media":0,"parent":0,"menu_order":0,"comment_status":"closed","ping_status":"closed","template":"","meta":{"footnotes":""},"class_list":["post-4975","page","type-page","status-publish","hentry"],"_links":{"self":[{"href":"https:\/\/www.fws-seth.de\/index.php?rest_route=\/wp\/v2\/pages\/4975","targetHints":{"allow":["GET"]}}],"collection":[{"href":"https:\/\/www.fws-seth.de\/index.php?rest_route=\/wp\/v2\/pages"}],"about":[{"href":"https:\/\/www.fws-seth.de\/index.php?rest_route=\/wp\/v2\/types\/page"}],"author":[{"embeddable":true,"href":"https:\/\/www.fws-seth.de\/index.php?rest_route=\/wp\/v2\/users\/67"}],"replies":[{"embeddable":true,"href":"https:\/\/www.fws-seth.de\/index.php?rest_route=%2Fwp%2Fv2%2Fcomments&post=4975"}],"version-history":[{"count":5,"href":"https:\/\/www.fws-seth.de\/index.php?rest_route=\/wp\/v2\/pages\/4975\/revisions"}],"predecessor-version":[{"id":4982,"href":"https:\/\/www.fws-seth.de\/index.php?rest_route=\/wp\/v2\/pages\/4975\/revisions\/4982"}],"wp:attachment":[{"href":"https:\/\/www.fws-seth.de\/index.php?rest_route=%2Fwp%2Fv2%2Fmedia&parent=4975"}],"curies":[{"name":"wp","href":"https:\/\/api.w.org\/{rel}","templated":true}]}}