{"id":7,"date":"2011-01-17T08:14:27","date_gmt":"2011-01-17T07:14:27","guid":{"rendered":"http:\/\/fws-seth.de\/?page_id=7"},"modified":"2023-10-01T22:20:18","modified_gmt":"2023-10-01T20:20:18","slug":"datenschutz-privacy-policy","status":"publish","type":"page","link":"https:\/\/www.fws-seth.de\/?page_id=7","title":{"rendered":"Datenschutz (Privacy Policy)"},"content":{"rendered":"<p>&nbsp;<\/p>\n<p><strong>Datenschutz (Privacy Policy)<\/strong><\/p>\n<p>Erkl\u00e4rung zum Datenschutz (Privacy Policy) f\u00fcr Freie W\u00e4hlergemeinschaft Seth<\/p>\n<p><strong>Vorwort<\/strong><\/p>\n<p>Wir nehmen den Schutz Ihrer privaten Daten ernst. Die besondere Beachtung der Privatsph\u00e4re bei der Verarbeitung pers\u00f6nlicher Daten ist uns ein wichtiges Anliegen. Die Betreiber dieser Website verpflichten sich zur Verschwiegenheit. Diese Webseiten k\u00f6nnen Links zu Webseiten anderer Anbieter enthalten, auf die sich diese Datenschutzerkl\u00e4rung nicht erstreckt. Weitere wichtige Informationen finden sich auch in den Allgemeinen Nutzungsbedingungen.<\/p>\n<p>Personenbezogene Daten<\/p>\n<p>Personenbezogene Daten sind Informationen, die dazu genutzt werden k\u00f6nnen, die Identit\u00e4t zu erfahren. Darunter fallen Informationen wie richtiger Name, Adresse, Postanschrift, Telefonnummer. Informationen, die nicht direkt mit der wirklichen Identit\u00e4t in Verbindung gebracht werden (wie zum Beispiel favorisierte Webseiten oder Anzahl der Nutzer einer Site) fallen nicht darunter.<\/p>\n<p>Man kann unser Online-Angebot grunds\u00e4tzlich ohne Offenlegung der Identit\u00e4t nutzen.<\/p>\n<p><strong>Einsatz von Cookies<\/strong><\/p>\n<p>Wir setzen keine Cookies ein und erheben keine IP-Adressen oder andere Daten welche auf die Identit\u00e4t des Nutzers R\u00fcckschl\u00fcsse ziehen lassen w\u00fcrde.<br \/>\nes werden auf der Seite auch keine anderen Analyse oder Trackingtools eingesetzt.<\/p>\n<p><strong>Links zu anderen Websites<\/strong><\/p>\n<p>Unser Online-Angebot enth\u00e4lt Links zu anderen Websites. Wir haben keinen Einfluss darauf, dass deren Betreiber die Datenschutzbestimmungen einhalten.<\/p>\n<p><strong>Fragen und Kommentare<\/strong><\/p>\n<p>Bei Fragen und f\u00fcr Anregungen und Kommentare zum Thema Datenschutz bitte per Mail an den Webmaster von Freie W\u00e4hlergemeinschaft Seth wenden.<\/p>\n<p><strong>Auskunftsrecht<\/strong><\/p>\n<p>Sie haben jederzeit das Recht auf Auskunft \u00fcber die bez\u00fcglich Ihrer Person gespeicherten Daten, deren Herkunft und Empf\u00e4nger sowie den Zweck der Datenverarbeitung. Auskunft \u00fcber die gespeicherten Daten gibt der Webmaster.<\/p>\n<p>&nbsp;<\/p>\n<p>&nbsp;<\/p>\n","protected":false},"excerpt":{"rendered":"<p>&nbsp; Datenschutz (Privacy Policy) Erkl\u00e4rung zum Datenschutz (Privacy Policy) f\u00fcr Freie W\u00e4hlergemeinschaft Seth Vorwort Wir nehmen den Schutz Ihrer privaten Daten ernst. Die besondere Beachtung der Privatsph\u00e4re bei der Verarbeitung pers\u00f6nlicher Daten ist uns ein wichtiges Anliegen. Die Betreiber dieser Website verpflichten sich zur Verschwiegenheit. Diese Webseiten k\u00f6nnen Links zu Webseiten anderer Anbieter enthalten, auf [&hellip;]<\/p>\n","protected":false},"author":67,"featured_media":0,"parent":4,"menu_order":0,"comment_status":"closed","ping_status":"closed","template":"","meta":{"footnotes":""},"class_list":["post-7","page","type-page","status-publish","hentry"],"_links":{"self":[{"href":"https:\/\/www.fws-seth.de\/index.php?rest_route=\/wp\/v2\/pages\/7","targetHints":{"allow":["GET"]}}],"collection":[{"href":"https:\/\/www.fws-seth.de\/index.php?rest_route=\/wp\/v2\/pages"}],"about":[{"href":"https:\/\/www.fws-seth.de\/index.php?rest_route=\/wp\/v2\/types\/page"}],"author":[{"embeddable":true,"href":"https:\/\/www.fws-seth.de\/index.php?rest_route=\/wp\/v2\/users\/67"}],"replies":[{"embeddable":true,"href":"https:\/\/www.fws-seth.de\/index.php?rest_route=%2Fwp%2Fv2%2Fcomments&post=7"}],"version-history":[{"count":10,"href":"https:\/\/www.fws-seth.de\/index.php?rest_route=\/wp\/v2\/pages\/7\/revisions"}],"predecessor-version":[{"id":5016,"href":"https:\/\/www.fws-seth.de\/index.php?rest_route=\/wp\/v2\/pages\/7\/revisions\/5016"}],"up":[{"embeddable":true,"href":"https:\/\/www.fws-seth.de\/index.php?rest_route=\/wp\/v2\/pages\/4"}],"wp:attachment":[{"href":"https:\/\/www.fws-seth.de\/index.php?rest_route=%2Fwp%2Fv2%2Fmedia&parent=7"}],"curies":[{"name":"wp","href":"https:\/\/api.w.org\/{rel}","templated":true}]}}