{"id":90,"date":"2012-01-07T13:15:17","date_gmt":"2012-01-07T12:15:17","guid":{"rendered":"http:\/\/fws-seth.de\/?page_id=90"},"modified":"2018-04-02T23:42:38","modified_gmt":"2018-04-02T21:42:38","slug":"mitmachen-bei-der-fws","status":"publish","type":"page","link":"https:\/\/www.fws-seth.de\/?page_id=90","title":{"rendered":"Mitmachen bei der FWS"},"content":{"rendered":"<p>Am 19. Juni 1989 gr\u00fcndeten 23 Sether B\u00fcrger eine unabh\u00e4ngige W\u00e4hlergemeinschaft und nannten sie Freie W\u00e4hlergemeinschaft Seth (FWS). Mittlerweile sind wir auf eine Gr\u00f6\u00dfe von 62 (Stand: Januar 2017) interessierten und engagierten Mitgliedern angewachsen.<\/p>\n<p>Unsere Mitglieder bringen durch verschiedenste Biographien breitgef\u00e4cherte Erfahrungen und Kompetenzen in unsere Gemeinschaft ein. Wir profitieren so von einem breiten Spektrum beruflicher und privater Erfahrungen.<\/p>\n<p>Bei der FWS ziehen Unternehmer, Freiberufler, Angestellte, abh\u00e4ngig Besch\u00e4ftige, Beamte, Sch\u00fcler, Studenten und Auszubildende an einem Strang. Durch diese Brandbreite kann die FWS ohne Probleme von sich behaupten, das gesamte Spektrum der Gesellschaft in sich wieder zu spiegeln.<\/p>\n<p>Wir halten nicht dogmatisch an ideologischen Grundpositionen des links-rechts Schemas fest, sondern agieren vernunft- und sachorientiert mit Blick auf die positive Gestaltung der Zukunft von Seth.<\/p>\n<p>Wir laden Sie herzlich ein sich bei uns einzubringen!<\/p>\n<h3>Der Vorstand<\/h3>\n<h1>Satzung der FWS:<\/h1>\n<p><a href=\"https:\/\/www.fws-seth.de\/wp-content\/uploads\/2018\/04\/FWS-Satzung-vom-2018-02-14.pdf\">FWS &#8211; Satzung vom 2018-02-14<\/a> als PDF zum downloaden<\/p>\n","protected":false},"excerpt":{"rendered":"<p>Am 19. Juni 1989 gr\u00fcndeten 23 Sether B\u00fcrger eine unabh\u00e4ngige W\u00e4hlergemeinschaft und nannten sie Freie W\u00e4hlergemeinschaft Seth (FWS). Mittlerweile sind wir auf eine Gr\u00f6\u00dfe von 62 (Stand: Januar 2017) interessierten und engagierten Mitgliedern angewachsen. Unsere Mitglieder bringen durch verschiedenste Biographien breitgef\u00e4cherte Erfahrungen und Kompetenzen in unsere Gemeinschaft ein. Wir profitieren so von einem breiten Spektrum [&hellip;]<\/p>\n","protected":false},"author":67,"featured_media":0,"parent":20,"menu_order":3,"comment_status":"open","ping_status":"closed","template":"","meta":{"footnotes":""},"class_list":["post-90","page","type-page","status-publish","hentry"],"_links":{"self":[{"href":"https:\/\/www.fws-seth.de\/index.php?rest_route=\/wp\/v2\/pages\/90","targetHints":{"allow":["GET"]}}],"collection":[{"href":"https:\/\/www.fws-seth.de\/index.php?rest_route=\/wp\/v2\/pages"}],"about":[{"href":"https:\/\/www.fws-seth.de\/index.php?rest_route=\/wp\/v2\/types\/page"}],"author":[{"embeddable":true,"href":"https:\/\/www.fws-seth.de\/index.php?rest_route=\/wp\/v2\/users\/67"}],"replies":[{"embeddable":true,"href":"https:\/\/www.fws-seth.de\/index.php?rest_route=%2Fwp%2Fv2%2Fcomments&post=90"}],"version-history":[{"count":25,"href":"https:\/\/www.fws-seth.de\/index.php?rest_route=\/wp\/v2\/pages\/90\/revisions"}],"predecessor-version":[{"id":3466,"href":"https:\/\/www.fws-seth.de\/index.php?rest_route=\/wp\/v2\/pages\/90\/revisions\/3466"}],"up":[{"embeddable":true,"href":"https:\/\/www.fws-seth.de\/index.php?rest_route=\/wp\/v2\/pages\/20"}],"wp:attachment":[{"href":"https:\/\/www.fws-seth.de\/index.php?rest_route=%2Fwp%2Fv2%2Fmedia&parent=90"}],"curies":[{"name":"wp","href":"https:\/\/api.w.org\/{rel}","templated":true}]}}