{"id":92,"date":"2012-01-07T13:17:53","date_gmt":"2012-01-07T11:17:53","guid":{"rendered":"http:\/\/fws-seth.de\/?page_id=92"},"modified":"2018-11-12T10:26:02","modified_gmt":"2018-11-12T09:26:02","slug":"offentliche-protokolle-der-gemeindevertretung","status":"publish","type":"page","link":"https:\/\/www.fws-seth.de\/?page_id=92","title":{"rendered":"\u00d6ffentliche Protokolle der Gemeindevertretung"},"content":{"rendered":"<p>Hier finden Sie die \u00f6ffentlichen Protokolle der Gemeindevertretung Seth bis zum 01.04.2015.<\/p>\n<p>Protokolle nach diesem Datum sind \u00fcber folgenden LINK abrufbar:<\/p>\n<p>http:\/\/www.gemeinde-seth.de\/politik\/archiv.php?gremium=7367<\/p>\n<p>Am 13.7.2009 hatte sich die FWS daf\u00fcr ausgesprochen, den \u00f6ffentlichen Teil der Protokolle von den Sitzungen der Gemeindevertretung zu ver\u00f6ffentlichen.<\/p>\n<p>Die FWS hat immer versucht diesen Service \u00fcber die Homepage der Gemeinde anzubieten, ist aber an dem&nbsp;Desinteresse&nbsp;f\u00fcr&nbsp;\u00d6ffentlichkeitsarbeit&nbsp;von CDU und SPD gescheitert. Die SPD Fraktion forderte zugleich die Pr\u00fcfung der&nbsp;Rechtm\u00e4\u00dfigkeit,&nbsp;ohne Erfolg f\u00fcr die SPD.<\/p>\n<p>Ein Service Ihrer FWS.<\/p>\n<ul>\n<li><a href=\"https:\/\/www.fws-seth.de\/wp-content\/uploads\/2012\/01\/20150401_GV.pdf\">Protokoll-vom-01.04.2015-\u00f6ffentlicher-Teil-<\/a><\/li>\n<li><a href=\"https:\/\/www.fws-seth.de\/wp-content\/uploads\/2012\/01\/20150323_GV.pdf\">Protokoll-vom-23.03.2015-\u00f6ffentlicher-Teil-<\/a><\/li>\n<li><a href=\"https:\/\/www.fws-seth.de\/wp-content\/uploads\/2012\/01\/20150209_GV_01_07.pdf\">Protokoll-vom-09.02.2015-\u00f6ffentlicher-Teil-<\/a><\/li>\n<li><a href=\"https:\/\/www.fws-seth.de\/wp-content\/uploads\/2012\/01\/Protokoll-vom-25.11.2014-\u00f6ffentlicher-Teil-.pdf\" target=\"_blank\" rel=\"noopener\">Protokoll-vom-25.11.2014-\u00f6ffentlicher-Teil-<\/a><\/li>\n<li><a href=\"https:\/\/www.fws-seth.de\/wp-content\/uploads\/2012\/01\/Protokoll-vom-17.11.2014-\u00f6ffentlicher-Teil-.pdf\" target=\"_blank\" rel=\"noopener\">Protokoll-vom-17.11.2014-\u00f6ffentlicher-Teil-<\/a><\/li>\n<li><a href=\"https:\/\/www.fws-seth.de\/wp-content\/uploads\/2012\/01\/\u2022Protokoll-vom-08.09.2014-\u00f6ffentlicher-Teil-.pdf\">Protokoll vom 08.09.2014 -\u00f6ffentlicher Teil-<\/a><\/li>\n<li><a href=\"https:\/\/www.fws-seth.de\/wp-content\/uploads\/2012\/01\/doc20140804111014.pdf\" target=\"_blank\" rel=\"noopener\">Protokoll vom 02.07.2014 -\u00f6ffentlicher Teil-<\/a><\/li>\n<li><a href=\"https:\/\/www.fws-seth.de\/wp-content\/uploads\/2012\/01\/GV_140414_oeffentlich.pdf\" target=\"_blank\" rel=\"noopener\">Protokoll vom 14.04.2014 -\u00f6ffentlicher Teil-<\/a><\/li>\n<li><a href=\"https:\/\/www.fws-seth.de\/wp-content\/uploads\/2012\/01\/GV_140127_oeffentlicherteil.pdf\" target=\"_blank\" rel=\"noopener\">Protokoll vom 27.01.2014 -\u00f6ffentlicher Teil-<\/a><\/li>\n<li><a href=\"https:\/\/www.fws-seth.de\/wp-content\/uploads\/2012\/01\/protokoll301013.pdf\" target=\"_blank\" rel=\"noopener\">Protokoll vom 30.10.2013 -\u00f6ffentlicher Teil-<\/a><\/li>\n<li><a href=\"https:\/\/www.fws-seth.de\/wp-content\/uploads\/2012\/01\/130909.pdf\" target=\"_blank\" rel=\"noopener\">Protokoll vom 09.09.2013 -\u00f6ffentlicher Teil-<\/a><\/li>\n<li><a href=\"https:\/\/www.fws-seth.de\/wp-content\/uploads\/2013\/09\/20130819.pdf\" target=\"_blank\" rel=\"noopener\">Protokoll vom 19.08.2013 -\u00f6ffentlicher Teil-<\/a><\/li>\n<li><a href=\"https:\/\/www.fws-seth.de\/wp-content\/uploads\/2012\/01\/130624.pdf\" target=\"_blank\" rel=\"noopener\">Protokoll vom 24.06.2013 -\u00f6ffentlicher Teil-<\/a><\/li>\n<li><a href=\"https:\/\/www.fws-seth.de\/wp-content\/uploads\/2012\/01\/130415.pdf\" target=\"_blank\" rel=\"noopener\">Protokoll vom 14.05.2013 -\u00f6ffentlicher Teil-<\/a><\/li>\n<li><a href=\"https:\/\/www.fws-seth.de\/wp-content\/uploads\/2012\/01\/20130225.pdf\" target=\"_blank\" rel=\"noopener\">Protokoll vom 25.02.2013 -\u00f6ffentlicher Teil-<\/a><\/li>\n<li><a href=\"https:\/\/www.fws-seth.de\/wp-content\/uploads\/2012\/01\/20130204.pdf\" target=\"_blank\" rel=\"noopener\">Protokoll vom 04.02.2013 -\u00f6ffentlicher Teil-<\/a><\/li>\n<li><a href=\"https:\/\/www.fws-seth.de\/wp-content\/uploads\/2012\/01\/20130114.pdf\" target=\"_blank\" rel=\"noopener\">Protokoll vom 14.01.2013 -\u00f6ffentlicher Teil-<\/a><\/li>\n<li><a title=\"Protokoll vom 22.10.2012 -\u00f6ffentlicher Teil-\" href=\"https:\/\/www.fws-seth.de\/wp-content\/uploads\/2012\/01\/gv221012.pdf\" target=\"_blank\" rel=\"noopener\">Protokoll vom 22.10.2012 -\u00f6ffentlicher Teil-<\/a><\/li>\n<li><a href=\"https:\/\/www.fws-seth.de\/wp-content\/uploads\/2012\/01\/20120910.pdf\" target=\"_blank\" rel=\"noopener\">Protokoll vom 10.09.2012 -\u00f6ffentlicher Teil<\/a>&#8211;<\/li>\n<li><a title=\"Protokoll vom 14.05.2012 -\u00f6ffentlicher Teil-\" href=\"https:\/\/www.fws-seth.de\/wp-content\/uploads\/2012\/01\/gv_120514.pdf\" target=\"_blank\" rel=\"noopener\">Protokoll vom 14.05.2012 -\u00f6ffentlicher Teil-<\/a><\/li>\n<li><a href=\"https:\/\/www.fws-seth.de\/wp-content\/uploads\/2012\/04\/20120319.pdf\" target=\"_blank\" rel=\"noopener\">Protokoll vom 19.03.2012 -\u00f6ffentlicher Teil-<\/a><\/li>\n<li><a href=\"https:\/\/www.fws-seth.de\/wp-content\/uploads\/2012\/01\/111212.pdf\">Protokoll vom 12.12.2011 -\u00f6ffentlicher Teil-<\/a><\/li>\n<li><a href=\"https:\/\/www.fws-seth.de\/pdf\/protokoll_111114.pdf\" target=\"_blank\" rel=\"noopener\">Protokoll vom 14.11.2011 -\u00f6ffentlicher Teil-<\/a><\/li>\n<li><a href=\"https:\/\/www.fws-seth.de\/pdf\/protokoll_110912.pdf\" target=\"_blank\" rel=\"noopener\">Protokoll vom 12.09.2011 -\u00f6ffentlicher Teil-<\/a><\/li>\n<li><a href=\"https:\/\/www.fws-seth.de\/pdf\/protokoll27611.pdf\" target=\"_blank\" rel=\"noopener\">Protokoll vom 27.06.2011 -\u00f6ffentlicher Teil-<\/a><\/li>\n<li><a href=\"https:\/\/www.fws-seth.de\/pdf\/110411.pdf\" target=\"_blank\" rel=\"noopener\">Protokoll vom 11.04.2011 -\u00f6ffentlicher Teil-<\/a><\/li>\n<li><a href=\"https:\/\/www.fws-seth.de\/pdf\/110214.pdf\" target=\"_blank\" rel=\"noopener\">Protokoll vom 14.02.2011 -\u00f6ffentlicher Teil-<\/a><\/li>\n<li><a href=\"https:\/\/www.fws-seth.de\/pdf\/gvl_131210.pdf\" target=\"_blank\" rel=\"noopener\">Protokoll vom 13.12.2010 -\u00f6ffentlicher Teil-<\/a><\/li>\n<li><a href=\"https:\/\/www.fws-seth.de\/pdf\/gv100111001.pdf\" target=\"_blank\" rel=\"noopener\">Protokoll vom 11.10.2010 -\u00f6ffentlicher Teil-<\/a><\/li>\n<li><a href=\"https:\/\/www.fws-seth.de\/pdf\/gv_100705.pdf\" target=\"_blank\" rel=\"noopener\">Protokoll vom 05.07.2010 -\u00f6ffentlicher Teil-<\/a><\/li>\n<li><a href=\"https:\/\/www.fws-seth.de\/pdf\/sitzung_100323.pdf\" target=\"_blank\" rel=\"noopener\">Protokoll vom 23.03.2010 -\u00f6ffentlicher Teil-<\/a><\/li>\n<li><a href=\"https:\/\/www.fws-seth.de\/pdf\/sitzung_100308.pdf\" target=\"_blank\" rel=\"noopener\">Protokoll vom 08.03.2010 -\u00f6ffentlicher Teil-<\/a><\/li>\n<li><a href=\"https:\/\/www.fws-seth.de\/pdf\/gv_100208.pdf\" target=\"_blank\" rel=\"noopener\">Protokoll vom 08.02.2010 -\u00f6ffentlicher Teil-<\/a><\/li>\n<li><a href=\"https:\/\/www.fws-seth.de\/pdf\/101011.pdf\" target=\"_blank\" rel=\"noopener\">Protokoll vom 11.01.2010 -\u00f6ffentlicher Teil- <\/a><\/li>\n<li><a href=\"https:\/\/www.fws-seth.de\/pdf\/gv_091214.pdf\" target=\"_blank\" rel=\"noopener\">Protokoll vom 14.12.2009 -\u00f6ffentlicher Teil- <\/a><\/li>\n<li><a href=\"https:\/\/www.fws-seth.de\/pdf\/protokoll090915.pdf\" target=\"_blank\" rel=\"noopener\">Protokoll vom 15.09.2009 -\u00f6ffentlicher Teil-<\/a><\/li>\n<li><a href=\"https:\/\/www.fws-seth.de\/pdf\/protokoll090713001.pdf\" target=\"_blank\" rel=\"noopener\">Protokoll vom 13.07.2009 -\u00f6ffentlicher Teil-<\/a><\/li>\n<\/ul>\n","protected":false},"excerpt":{"rendered":"<p>Hier finden Sie die \u00f6ffentlichen Protokolle der Gemeindevertretung Seth bis zum 01.04.2015. Protokolle nach diesem Datum sind \u00fcber folgenden LINK abrufbar: http:\/\/www.gemeinde-seth.de\/politik\/archiv.php?gremium=7367 Am 13.7.2009 hatte sich die FWS daf\u00fcr ausgesprochen, den \u00f6ffentlichen Teil der Protokolle von den Sitzungen der Gemeindevertretung zu ver\u00f6ffentlichen. Die FWS hat immer versucht diesen Service \u00fcber die Homepage der Gemeinde anzubieten, [&hellip;]<\/p>\n","protected":false},"author":67,"featured_media":0,"parent":66,"menu_order":0,"comment_status":"closed","ping_status":"closed","template":"","meta":{"footnotes":""},"class_list":["post-92","page","type-page","status-publish","hentry"],"_links":{"self":[{"href":"https:\/\/www.fws-seth.de\/index.php?rest_route=\/wp\/v2\/pages\/92","targetHints":{"allow":["GET"]}}],"collection":[{"href":"https:\/\/www.fws-seth.de\/index.php?rest_route=\/wp\/v2\/pages"}],"about":[{"href":"https:\/\/www.fws-seth.de\/index.php?rest_route=\/wp\/v2\/types\/page"}],"author":[{"embeddable":true,"href":"https:\/\/www.fws-seth.de\/index.php?rest_route=\/wp\/v2\/users\/67"}],"replies":[{"embeddable":true,"href":"https:\/\/www.fws-seth.de\/index.php?rest_route=%2Fwp%2Fv2%2Fcomments&post=92"}],"version-history":[{"count":35,"href":"https:\/\/www.fws-seth.de\/index.php?rest_route=\/wp\/v2\/pages\/92\/revisions"}],"predecessor-version":[{"id":3280,"href":"https:\/\/www.fws-seth.de\/index.php?rest_route=\/wp\/v2\/pages\/92\/revisions\/3280"}],"up":[{"embeddable":true,"href":"https:\/\/www.fws-seth.de\/index.php?rest_route=\/wp\/v2\/pages\/66"}],"wp:attachment":[{"href":"https:\/\/www.fws-seth.de\/index.php?rest_route=%2Fwp%2Fv2%2Fmedia&parent=92"}],"curies":[{"name":"wp","href":"https:\/\/api.w.org\/{rel}","templated":true}]}}